{"id":350,"date":"2024-08-23T10:54:20","date_gmt":"2024-08-23T08:54:20","guid":{"rendered":"https:\/\/fsgt95.fr\/?page_id=350"},"modified":"2024-09-02T10:06:03","modified_gmt":"2024-09-02T08:06:03","slug":"contactez-nous","status":"publish","type":"page","link":"https:\/\/fsgt95.fr\/index.php\/contactez-nous\/","title":{"rendered":"Contactez-nous"},"content":{"rendered":"\t\t<div data-elementor-type=\"wp-page\" data-elementor-id=\"350\" class=\"elementor elementor-350\">\n\t\t\t\t<div class=\"elementor-element elementor-element-ca30135 e-flex e-con-boxed e-con e-parent\" data-id=\"ca30135\" data-element_type=\"container\" data-e-type=\"container\">\n\t\t\t\t\t<div class=\"e-con-inner\">\n\t\t\t\t<div class=\"elementor-element elementor-element-fa1533b elementor-widget elementor-widget-heading\" data-id=\"fa1533b\" data-element_type=\"widget\" data-e-type=\"widget\" data-widget_type=\"heading.default\">\n\t\t\t\t<div class=\"elementor-widget-container\">\n\t\t\t\t\t<h2 class=\"elementor-heading-title elementor-size-default\">Contactez-nous<\/h2>\t\t\t\t<\/div>\n\t\t\t\t<\/div>\n\t\t\t\t\t<\/div>\n\t\t\t\t<\/div>\n\t\t<div class=\"elementor-element elementor-element-23f3b8a e-flex e-con-boxed e-con e-parent\" data-id=\"23f3b8a\" data-element_type=\"container\" data-e-type=\"container\">\n\t\t\t\t\t<div class=\"e-con-inner\">\n\t\t\t\t<div class=\"elementor-element elementor-element-41c2802 elementor-widget__width-initial elementor-widget elementor-widget-wpforms\" data-id=\"41c2802\" data-element_type=\"widget\" data-e-type=\"widget\" data-widget_type=\"wpforms.default\">\n\t\t\t\t<div class=\"elementor-widget-container\">\n\t\t\t\t\t<div class=\"wpforms-container wpforms-container-full wpforms-render-modern\" id=\"wpforms-344\"><form id=\"wpforms-form-344\" class=\"wpforms-validate wpforms-form wpforms-ajax-form\" data-formid=\"344\" method=\"post\" enctype=\"multipart\/form-data\" action=\"\/index.php\/wp-json\/wp\/v2\/pages\/350\" data-token=\"091b54095b9b1b653e1f173a257a1ad5\" data-token-time=\"1777496357\"><noscript class=\"wpforms-error-noscript\">Veuillez activer JavaScript dans votre navigateur pour remplir ce formulaire.<\/noscript><div id=\"wpforms-error-noscript\" style=\"display: none;\">Veuillez activer JavaScript dans votre navigateur pour remplir ce formulaire.<\/div><div class=\"wpforms-field-container\"><div id=\"wpforms-344-field_1-container\" class=\"wpforms-field wpforms-field-name\" data-field-id=\"1\"><fieldset><legend class=\"wpforms-field-label\">Nom <span class=\"wpforms-required-label\" aria-hidden=\"true\">*<\/span><\/legend><div class=\"wpforms-field-row wpforms-field-medium\"><div class=\"wpforms-field-row-block wpforms-first wpforms-one-half\"><input type=\"text\" id=\"wpforms-344-field_1\" class=\"wpforms-field-name-first wpforms-field-required\" name=\"wpforms[fields][1][first]\" aria-errormessage=\"wpforms-344-field_1-error\" required><label for=\"wpforms-344-field_1\" class=\"wpforms-field-sublabel after\">Pr\u00e9nom<\/label><\/div><div class=\"wpforms-field-row-block wpforms-one-half\"><input type=\"text\" id=\"wpforms-344-field_1-last\" class=\"wpforms-field-name-last wpforms-field-required\" name=\"wpforms[fields][1][last]\" aria-errormessage=\"wpforms-344-field_1-last-error\" required><label for=\"wpforms-344-field_1-last\" class=\"wpforms-field-sublabel after\">Nom<\/label><\/div><\/div><\/fieldset><\/div><div id=\"wpforms-344-field_2-container\" class=\"wpforms-field wpforms-field-email\" data-field-id=\"2\"><label class=\"wpforms-field-label\" for=\"wpforms-344-field_2\">E-mail <span class=\"wpforms-required-label\" aria-hidden=\"true\">*<\/span><\/label><input type=\"email\" id=\"wpforms-344-field_2\" class=\"wpforms-field-medium wpforms-field-required\" name=\"wpforms[fields][2]\" spellcheck=\"false\" aria-errormessage=\"wpforms-344-field_2-error\" required><\/div>\t\t<div id=\"wpforms-344-field_4-container\"\n\t\t\tclass=\"wpforms-field wpforms-field-text\"\n\t\t\tdata-field-type=\"text\"\n\t\t\tdata-field-id=\"4\"\n\t\t\t>\n\t\t\t<label class=\"wpforms-field-label\" for=\"wpforms-344-field_4\" >la Objet Nom<\/label>\n\t\t\t<input type=\"text\" id=\"wpforms-344-field_4\" class=\"wpforms-field-medium\" name=\"wpforms[fields][4]\" >\n\t\t<\/div>\n\t\t<div id=\"wpforms-344-field_3-container\" class=\"wpforms-field wpforms-field-textarea\" data-field-id=\"3\"><label class=\"wpforms-field-label\" for=\"wpforms-344-field_3\">Objet de la demande <span class=\"wpforms-required-label\" aria-hidden=\"true\">*<\/span><\/label><textarea id=\"wpforms-344-field_3\" class=\"wpforms-field-medium wpforms-field-required\" name=\"wpforms[fields][3]\" aria-errormessage=\"wpforms-344-field_3-error\" required><\/textarea><\/div><script>\n\t\t\t\t( function() {\n\t\t\t\t\tconst style = document.createElement( 'style' );\n\t\t\t\t\tstyle.appendChild( document.createTextNode( '#wpforms-344-field_4-container { position: absolute !important; overflow: hidden !important; display: inline !important; height: 1px !important; width: 1px !important; z-index: -1000 !important; padding: 0 !important; } #wpforms-344-field_4-container input { visibility: hidden; } #wpforms-conversational-form-page #wpforms-344-field_4-container label { counter-increment: none; }' ) );\n\t\t\t\t\tdocument.head.appendChild( style );\n\t\t\t\t\tdocument.currentScript?.remove();\n\t\t\t\t} )();\n\t\t\t<\/script><\/div><!-- .wpforms-field-container --><div class=\"wpforms-submit-container\" ><input type=\"hidden\" name=\"wpforms[id]\" value=\"344\"><input type=\"hidden\" name=\"page_title\" value=\"\"><input type=\"hidden\" name=\"page_url\" value=\"https:\/\/fsgt95.fr\/index.php\/wp-json\/wp\/v2\/pages\/350\"><input type=\"hidden\" name=\"url_referer\" value=\"\"><button type=\"submit\" name=\"wpforms[submit]\" id=\"wpforms-submit-344\" class=\"wpforms-submit\" data-alt-text=\"Envoi...\" data-submit-text=\"Envoyer\" aria-live=\"assertive\" value=\"wpforms-submit\">Envoyer<\/button><img decoding=\"async\" src=\"https:\/\/fsgt95.fr\/wp-content\/plugins\/wpforms-lite\/assets\/images\/submit-spin.svg\" class=\"wpforms-submit-spinner\" style=\"display: none;\" width=\"26\" height=\"26\" alt=\"Chargement en cours\"><\/div><\/form><\/div>  <!-- .wpforms-container -->\t\t\t\t<\/div>\n\t\t\t\t<\/div>\n\t\t\t\t\t<\/div>\n\t\t\t\t<\/div>\n\t\t<div class=\"elementor-element elementor-element-7e2b680 e-flex e-con-boxed e-con e-parent\" data-id=\"7e2b680\" data-element_type=\"container\" data-e-type=\"container\">\n\t\t\t\t\t<div class=\"e-con-inner\">\n\t\t\t\t<div class=\"elementor-element elementor-element-0f592d6 elementor-widget elementor-widget-google_maps\" data-id=\"0f592d6\" data-element_type=\"widget\" data-e-type=\"widget\" data-widget_type=\"google_maps.default\">\n\t\t\t\t<div class=\"elementor-widget-container\">\n\t\t\t\t\t\t\t<div class=\"elementor-custom-embed\">\n\t\t\t<iframe loading=\"lazy\"\n\t\t\t\t\tsrc=\"https:\/\/maps.google.com\/maps?q=82%20boulevard%20du%20G%C3%A9n%C3%A9ral%20leclerc%20Argenteuil%20&#038;t=m&#038;z=13&#038;output=embed&#038;iwloc=near\"\n\t\t\t\t\ttitle=\"82 boulevard du G\u00e9n\u00e9ral leclerc Argenteuil \"\n\t\t\t\t\taria-label=\"82 boulevard du G\u00e9n\u00e9ral leclerc Argenteuil \"\n\t\t\t><\/iframe>\n\t\t<\/div>\n\t\t\t\t\t\t<\/div>\n\t\t\t\t<\/div>\n\t\t\t\t\t<\/div>\n\t\t\t\t<\/div>\n\t\t\t\t<\/div>\n\t\t","protected":false},"excerpt":{"rendered":"<p>Contactez-nous Veuillez activer JavaScript dans votre navigateur pour remplir ce formulaire.Veuillez activer JavaScript dans votre navigateur pour remplir ce formulaire. Nom * Pr\u00e9nomNom E-mail *Section sportivePremier choixDeuxi\u00e8me choixTroisi\u00e8me choixCommentaire ou&hellip;&nbsp;<a href=\"https:\/\/fsgt95.fr\/index.php\/contactez-nous\/\" class=\"\" rel=\"bookmark\">Lire la suite &raquo;<span class=\"screen-reader-text\">Contactez-nous<\/span><\/a><\/p>\n","protected":false},"author":1,"featured_media":0,"parent":0,"menu_order":0,"comment_status":"closed","ping_status":"closed","template":"page-templates\/template-pagebuilder-full-width.php","meta":{"om_disable_all_campaigns":false,"_uag_custom_page_level_css":"","neve_meta_sidebar":"","neve_meta_container":"","neve_meta_enable_content_width":"","neve_meta_content_width":0,"neve_meta_title_alignment":"","neve_meta_author_avatar":"","neve_post_elements_order":"","neve_meta_disable_header":"","neve_meta_disable_footer":"","neve_meta_disable_title":"","footnotes":""},"class_list":["post-350","page","type-page","status-publish","hentry"],"yoast_head":"<!-- This site is optimized with the Yoast SEO plugin v26.9 - https:\/\/yoast.com\/product\/yoast-seo-wordpress\/ -->\n<title>Contactez-nous - FSGT 95<\/title>\n<meta name=\"robots\" content=\"index, follow, max-snippet:-1, max-image-preview:large, max-video-preview:-1\" \/>\n<link rel=\"canonical\" href=\"https:\/\/fsgt95.fr\/index.php\/contactez-nous\/\" \/>\n<meta property=\"og:locale\" content=\"fr_FR\" \/>\n<meta property=\"og:type\" content=\"article\" \/>\n<meta property=\"og:title\" content=\"Contactez-nous - FSGT 95\" \/>\n<meta property=\"og:description\" content=\"Contactez-nous Veuillez activer JavaScript dans votre navigateur pour remplir ce formulaire.Veuillez activer JavaScript dans votre navigateur pour remplir ce formulaire. Nom * Pr\u00e9nomNom E-mail *Section sportivePremier choixDeuxi\u00e8me choixTroisi\u00e8me choixCommentaire ou&hellip;&nbsp;Lire la suite &raquo;Contactez-nous\" \/>\n<meta property=\"og:url\" content=\"https:\/\/fsgt95.fr\/index.php\/contactez-nous\/\" \/>\n<meta property=\"og:site_name\" content=\"FSGT 95\" \/>\n<meta property=\"article:modified_time\" content=\"2024-09-02T08:06:03+00:00\" \/>\n<meta property=\"og:image\" content=\"https:\/\/fsgt95.fr\/wp-content\/plugins\/wpforms-lite\/assets\/images\/submit-spin.svg\" \/>\n<meta name=\"twitter:card\" content=\"summary_large_image\" \/>\n<script type=\"application\/ld+json\" class=\"yoast-schema-graph\">{\"@context\":\"https:\/\/schema.org\",\"@graph\":[{\"@type\":\"WebPage\",\"@id\":\"https:\/\/fsgt95.fr\/index.php\/contactez-nous\/\",\"url\":\"https:\/\/fsgt95.fr\/index.php\/contactez-nous\/\",\"name\":\"Contactez-nous - FSGT 95\",\"isPartOf\":{\"@id\":\"https:\/\/fsgt95.fr\/#website\"},\"primaryImageOfPage\":{\"@id\":\"https:\/\/fsgt95.fr\/index.php\/contactez-nous\/#primaryimage\"},\"image\":{\"@id\":\"https:\/\/fsgt95.fr\/index.php\/contactez-nous\/#primaryimage\"},\"thumbnailUrl\":\"https:\/\/fsgt95.fr\/wp-content\/plugins\/wpforms-lite\/assets\/images\/submit-spin.svg\",\"datePublished\":\"2024-08-23T08:54:20+00:00\",\"dateModified\":\"2024-09-02T08:06:03+00:00\",\"breadcrumb\":{\"@id\":\"https:\/\/fsgt95.fr\/index.php\/contactez-nous\/#breadcrumb\"},\"inLanguage\":\"fr-FR\",\"potentialAction\":[{\"@type\":\"ReadAction\",\"target\":[\"https:\/\/fsgt95.fr\/index.php\/contactez-nous\/\"]}]},{\"@type\":\"ImageObject\",\"inLanguage\":\"fr-FR\",\"@id\":\"https:\/\/fsgt95.fr\/index.php\/contactez-nous\/#primaryimage\",\"url\":\"https:\/\/fsgt95.fr\/wp-content\/plugins\/wpforms-lite\/assets\/images\/submit-spin.svg\",\"contentUrl\":\"https:\/\/fsgt95.fr\/wp-content\/plugins\/wpforms-lite\/assets\/images\/submit-spin.svg\"},{\"@type\":\"BreadcrumbList\",\"@id\":\"https:\/\/fsgt95.fr\/index.php\/contactez-nous\/#breadcrumb\",\"itemListElement\":[{\"@type\":\"ListItem\",\"position\":1,\"name\":\"Accueil\",\"item\":\"https:\/\/fsgt95.fr\/\"},{\"@type\":\"ListItem\",\"position\":2,\"name\":\"Contactez-nous\"}]},{\"@type\":\"WebSite\",\"@id\":\"https:\/\/fsgt95.fr\/#website\",\"url\":\"https:\/\/fsgt95.fr\/\",\"name\":\"FSGT 95\",\"description\":\"Comit\u00e9 d\u00e9partemental Val d&#039;Oise\",\"publisher\":{\"@id\":\"https:\/\/fsgt95.fr\/#organization\"},\"potentialAction\":[{\"@type\":\"SearchAction\",\"target\":{\"@type\":\"EntryPoint\",\"urlTemplate\":\"https:\/\/fsgt95.fr\/?s={search_term_string}\"},\"query-input\":{\"@type\":\"PropertyValueSpecification\",\"valueRequired\":true,\"valueName\":\"search_term_string\"}}],\"inLanguage\":\"fr-FR\"},{\"@type\":\"Organization\",\"@id\":\"https:\/\/fsgt95.fr\/#organization\",\"name\":\"fsgt95.fr\",\"alternateName\":\"Comit\u00e9 FSGT 95\",\"url\":\"https:\/\/fsgt95.fr\/\",\"logo\":{\"@type\":\"ImageObject\",\"inLanguage\":\"fr-FR\",\"@id\":\"https:\/\/fsgt95.fr\/#\/schema\/logo\/image\/\",\"url\":\"https:\/\/fsgt95.fr\/wp-content\/uploads\/2024\/04\/cropped-cropped-LogoFSGT95-png-1.png\",\"contentUrl\":\"https:\/\/fsgt95.fr\/wp-content\/uploads\/2024\/04\/cropped-cropped-LogoFSGT95-png-1.png\",\"width\":372,\"height\":360,\"caption\":\"fsgt95.fr\"},\"image\":{\"@id\":\"https:\/\/fsgt95.fr\/#\/schema\/logo\/image\/\"}}]}<\/script>\n<!-- \/ Yoast SEO plugin. -->","yoast_head_json":{"title":"Contactez-nous - FSGT 95","robots":{"index":"index","follow":"follow","max-snippet":"max-snippet:-1","max-image-preview":"max-image-preview:large","max-video-preview":"max-video-preview:-1"},"canonical":"https:\/\/fsgt95.fr\/index.php\/contactez-nous\/","og_locale":"fr_FR","og_type":"article","og_title":"Contactez-nous - FSGT 95","og_description":"Contactez-nous Veuillez activer JavaScript dans votre navigateur pour remplir ce formulaire.Veuillez activer JavaScript dans votre navigateur pour remplir ce formulaire. Nom * Pr\u00e9nomNom E-mail *Section sportivePremier choixDeuxi\u00e8me choixTroisi\u00e8me choixCommentaire ou&hellip;&nbsp;Lire la suite &raquo;Contactez-nous","og_url":"https:\/\/fsgt95.fr\/index.php\/contactez-nous\/","og_site_name":"FSGT 95","article_modified_time":"2024-09-02T08:06:03+00:00","og_image":[{"url":"https:\/\/fsgt95.fr\/wp-content\/plugins\/wpforms-lite\/assets\/images\/submit-spin.svg","type":"","width":"","height":""}],"twitter_card":"summary_large_image","schema":{"@context":"https:\/\/schema.org","@graph":[{"@type":"WebPage","@id":"https:\/\/fsgt95.fr\/index.php\/contactez-nous\/","url":"https:\/\/fsgt95.fr\/index.php\/contactez-nous\/","name":"Contactez-nous - FSGT 95","isPartOf":{"@id":"https:\/\/fsgt95.fr\/#website"},"primaryImageOfPage":{"@id":"https:\/\/fsgt95.fr\/index.php\/contactez-nous\/#primaryimage"},"image":{"@id":"https:\/\/fsgt95.fr\/index.php\/contactez-nous\/#primaryimage"},"thumbnailUrl":"https:\/\/fsgt95.fr\/wp-content\/plugins\/wpforms-lite\/assets\/images\/submit-spin.svg","datePublished":"2024-08-23T08:54:20+00:00","dateModified":"2024-09-02T08:06:03+00:00","breadcrumb":{"@id":"https:\/\/fsgt95.fr\/index.php\/contactez-nous\/#breadcrumb"},"inLanguage":"fr-FR","potentialAction":[{"@type":"ReadAction","target":["https:\/\/fsgt95.fr\/index.php\/contactez-nous\/"]}]},{"@type":"ImageObject","inLanguage":"fr-FR","@id":"https:\/\/fsgt95.fr\/index.php\/contactez-nous\/#primaryimage","url":"https:\/\/fsgt95.fr\/wp-content\/plugins\/wpforms-lite\/assets\/images\/submit-spin.svg","contentUrl":"https:\/\/fsgt95.fr\/wp-content\/plugins\/wpforms-lite\/assets\/images\/submit-spin.svg"},{"@type":"BreadcrumbList","@id":"https:\/\/fsgt95.fr\/index.php\/contactez-nous\/#breadcrumb","itemListElement":[{"@type":"ListItem","position":1,"name":"Accueil","item":"https:\/\/fsgt95.fr\/"},{"@type":"ListItem","position":2,"name":"Contactez-nous"}]},{"@type":"WebSite","@id":"https:\/\/fsgt95.fr\/#website","url":"https:\/\/fsgt95.fr\/","name":"FSGT 95","description":"Comit\u00e9 d\u00e9partemental Val d&#039;Oise","publisher":{"@id":"https:\/\/fsgt95.fr\/#organization"},"potentialAction":[{"@type":"SearchAction","target":{"@type":"EntryPoint","urlTemplate":"https:\/\/fsgt95.fr\/?s={search_term_string}"},"query-input":{"@type":"PropertyValueSpecification","valueRequired":true,"valueName":"search_term_string"}}],"inLanguage":"fr-FR"},{"@type":"Organization","@id":"https:\/\/fsgt95.fr\/#organization","name":"fsgt95.fr","alternateName":"Comit\u00e9 FSGT 95","url":"https:\/\/fsgt95.fr\/","logo":{"@type":"ImageObject","inLanguage":"fr-FR","@id":"https:\/\/fsgt95.fr\/#\/schema\/logo\/image\/","url":"https:\/\/fsgt95.fr\/wp-content\/uploads\/2024\/04\/cropped-cropped-LogoFSGT95-png-1.png","contentUrl":"https:\/\/fsgt95.fr\/wp-content\/uploads\/2024\/04\/cropped-cropped-LogoFSGT95-png-1.png","width":372,"height":360,"caption":"fsgt95.fr"},"image":{"@id":"https:\/\/fsgt95.fr\/#\/schema\/logo\/image\/"}}]}},"uagb_featured_image_src":{"full":false,"thumbnail":false,"medium":false,"medium_large":false,"large":false,"1536x1536":false,"2048x2048":false,"depicter-thumbnail":false,"neve-blog":false},"uagb_author_info":{"display_name":"adminfsgt95","author_link":"https:\/\/fsgt95.fr\/index.php\/author\/adminfsgt95\/"},"uagb_comment_info":0,"uagb_excerpt":"Contactez-nous Veuillez activer JavaScript dans votre navigateur pour remplir ce formulaire.Veuillez activer JavaScript dans votre navigateur pour remplir ce formulaire. Nom * Pr\u00e9nomNom E-mail *Section sportivePremier choixDeuxi\u00e8me choixTroisi\u00e8me choixCommentaire ou&hellip;&nbsp;Lire la suite &raquo;Contactez-nous","_links":{"self":[{"href":"https:\/\/fsgt95.fr\/index.php\/wp-json\/wp\/v2\/pages\/350","targetHints":{"allow":["GET"]}}],"collection":[{"href":"https:\/\/fsgt95.fr\/index.php\/wp-json\/wp\/v2\/pages"}],"about":[{"href":"https:\/\/fsgt95.fr\/index.php\/wp-json\/wp\/v2\/types\/page"}],"author":[{"embeddable":true,"href":"https:\/\/fsgt95.fr\/index.php\/wp-json\/wp\/v2\/users\/1"}],"replies":[{"embeddable":true,"href":"https:\/\/fsgt95.fr\/index.php\/wp-json\/wp\/v2\/comments?post=350"}],"version-history":[{"count":11,"href":"https:\/\/fsgt95.fr\/index.php\/wp-json\/wp\/v2\/pages\/350\/revisions"}],"predecessor-version":[{"id":364,"href":"https:\/\/fsgt95.fr\/index.php\/wp-json\/wp\/v2\/pages\/350\/revisions\/364"}],"wp:attachment":[{"href":"https:\/\/fsgt95.fr\/index.php\/wp-json\/wp\/v2\/media?parent=350"}],"curies":[{"name":"wp","href":"https:\/\/api.w.org\/{rel}","templated":true}]}}