{"id":324,"date":"2024-08-23T09:56:34","date_gmt":"2024-08-23T07:56:34","guid":{"rendered":"https:\/\/fsgt95.fr\/?page_id=324"},"modified":"2026-02-06T16:44:49","modified_gmt":"2026-02-06T15:44:49","slug":"affiliations-et-licences-2024-25","status":"publish","type":"page","link":"https:\/\/fsgt95.fr\/index.php\/affiliations-et-licences-2024-25\/","title":{"rendered":"Affiliations et licences 2024 25"},"content":{"rendered":"\t\t<div data-elementor-type=\"wp-page\" data-elementor-id=\"324\" class=\"elementor elementor-324\">\n\t\t\t\t<div class=\"elementor-element elementor-element-14b9540 e-flex e-con-boxed e-con e-parent\" data-id=\"14b9540\" data-element_type=\"container\" data-e-type=\"container\">\n\t\t\t\t\t<div class=\"e-con-inner\">\n\t\t\t\t<div class=\"elementor-element elementor-element-c765f0a elementor-widget__width-initial elementor-widget elementor-widget-heading\" data-id=\"c765f0a\" data-element_type=\"widget\" data-e-type=\"widget\" data-widget_type=\"heading.default\">\n\t\t\t\t<div class=\"elementor-widget-container\">\n\t\t\t\t\t<h2 class=\"elementor-heading-title elementor-size-default\">Affiliations et licences 2025\/26<\/h2>\t\t\t\t<\/div>\n\t\t\t\t<\/div>\n\t\t\t\t\t<\/div>\n\t\t\t\t<\/div>\n\t\t<div class=\"elementor-element elementor-element-7b6d8f3 e-flex e-con-boxed e-con e-parent\" data-id=\"7b6d8f3\" data-element_type=\"container\" data-e-type=\"container\">\n\t\t\t\t\t<div class=\"e-con-inner\">\n\t\t\t\t<div class=\"elementor-element elementor-element-4c6d458 elementor-widget__width-initial elementor-widget elementor-widget-text-editor\" data-id=\"4c6d458\" data-element_type=\"widget\" data-e-type=\"widget\" data-widget_type=\"text-editor.default\">\n\t\t\t\t<div class=\"elementor-widget-container\">\n\t\t\t\t\t\t\t\t\t<p>Vous \u00eates une association domicili\u00e9e dans le Val d&rsquo;Oise ou un comit\u00e9 d&rsquo;entreprise et vous souhaitez lancer un projet d&rsquo;activit\u00e9 sportive<br \/>Rejoignez-nous en contactant<br \/>le Comit\u00e9 FSGT95 par mail, sur <a href=\"mailto:comitefsgt95@gmail.com\">comitefsgt95@gmail.com<\/a> <br \/>ou en appelant au 01 34 10 43 10<\/p>\t\t\t\t\t\t\t\t<\/div>\n\t\t\t\t<\/div>\n\t\t\t\t\t<\/div>\n\t\t\t\t<\/div>\n\t\t<div class=\"elementor-element elementor-element-538a360 e-flex e-con-boxed e-con e-parent\" data-id=\"538a360\" data-element_type=\"container\" data-e-type=\"container\">\n\t\t\t\t\t<div class=\"e-con-inner\">\n\t\t\t\t<div class=\"elementor-element elementor-element-1195f12 elementor-widget__width-initial elementor-widget elementor-widget-image\" data-id=\"1195f12\" data-element_type=\"widget\" data-e-type=\"widget\" data-widget_type=\"image.default\">\n\t\t\t\t<div class=\"elementor-widget-container\">\n\t\t\t\t\t\t\t\t\t\t\t\t\t\t\t<img fetchpriority=\"high\" decoding=\"async\" width=\"561\" height=\"796\" src=\"https:\/\/fsgt95.fr\/wp-content\/uploads\/2024\/08\/FSGT95-TARIFS-AFFILIATIONS-ET-LICENCES-24-251.jpg\" class=\"attachment-large size-large wp-image-329\" alt=\"\" srcset=\"https:\/\/fsgt95.fr\/wp-content\/uploads\/2024\/08\/FSGT95-TARIFS-AFFILIATIONS-ET-LICENCES-24-251.jpg 561w, https:\/\/fsgt95.fr\/wp-content\/uploads\/2024\/08\/FSGT95-TARIFS-AFFILIATIONS-ET-LICENCES-24-251-211x300.jpg 211w, https:\/\/fsgt95.fr\/wp-content\/uploads\/2024\/08\/FSGT95-TARIFS-AFFILIATIONS-ET-LICENCES-24-251-200x284.jpg 200w\" sizes=\"(max-width: 561px) 100vw, 561px\" \/>\t\t\t\t\t\t\t\t\t\t\t\t\t\t\t<\/div>\n\t\t\t\t<\/div>\n\t\t\t\t\t<\/div>\n\t\t\t\t<\/div>\n\t\t<div class=\"elementor-element elementor-element-19136b5 e-flex e-con-boxed e-con e-parent\" data-id=\"19136b5\" data-element_type=\"container\" data-e-type=\"container\">\n\t\t\t\t\t<div class=\"e-con-inner\">\n\t\t\t\t<div class=\"elementor-element elementor-element-47ea445 elementor-button-info elementor-align-left elementor-widget elementor-widget-button\" data-id=\"47ea445\" data-element_type=\"widget\" data-e-type=\"widget\" data-widget_type=\"button.default\">\n\t\t\t\t<div class=\"elementor-widget-container\">\n\t\t\t\t\t\t\t\t\t<div class=\"elementor-button-wrapper\">\n\t\t\t\t\t<a class=\"elementor-button elementor-button-link elementor-size-sm\" href=\"https:\/\/fsgt95.fr\/wp-content\/uploads\/2026\/02\/FSGT95-TARIFS-AFFILIATIONS-ET-LICENCES-25-26.pdf\" target=\"_blank\">\n\t\t\t\t\t\t<span class=\"elementor-button-content-wrapper\">\n\t\t\t\t\t\t\t\t\t<span class=\"elementor-button-text\">T\u00e9l\u00e9charger Tarifs Affiliations et Licences<\/span>\n\t\t\t\t\t<\/span>\n\t\t\t\t\t<\/a>\n\t\t\t\t<\/div>\n\t\t\t\t\t\t\t\t<\/div>\n\t\t\t\t<\/div>\n\t\t\t\t\t<\/div>\n\t\t\t\t<\/div>\n\t\t\t\t<\/div>\n\t\t","protected":false},"excerpt":{"rendered":"<p>Affiliations et licences 2025\/26 Vous \u00eates une association domicili\u00e9e dans le Val d&rsquo;Oise ou un comit\u00e9 d&rsquo;entreprise et vous souhaitez lancer un projet d&rsquo;activit\u00e9 sportiveRejoignez-nous en contactantle Comit\u00e9 FSGT95 par&hellip;&nbsp;<a href=\"https:\/\/fsgt95.fr\/index.php\/affiliations-et-licences-2024-25\/\" class=\"\" rel=\"bookmark\">Lire la suite &raquo;<span class=\"screen-reader-text\">Affiliations et licences 2024 25<\/span><\/a><\/p>\n","protected":false},"author":1,"featured_media":0,"parent":0,"menu_order":0,"comment_status":"closed","ping_status":"closed","template":"page-templates\/template-pagebuilder-full-width.php","meta":{"om_disable_all_campaigns":false,"_uag_custom_page_level_css":"","neve_meta_sidebar":"","neve_meta_container":"","neve_meta_enable_content_width":"","neve_meta_content_width":0,"neve_meta_title_alignment":"","neve_meta_author_avatar":"","neve_post_elements_order":"","neve_meta_disable_header":"","neve_meta_disable_footer":"","neve_meta_disable_title":"","footnotes":""},"class_list":["post-324","page","type-page","status-publish","hentry"],"yoast_head":"<!-- This site is optimized with the Yoast SEO plugin v26.9 - https:\/\/yoast.com\/product\/yoast-seo-wordpress\/ -->\n<title>Affiliations et licences 2024 25 - FSGT 95<\/title>\n<meta name=\"robots\" content=\"index, follow, max-snippet:-1, max-image-preview:large, max-video-preview:-1\" \/>\n<link rel=\"canonical\" href=\"https:\/\/fsgt95.fr\/index.php\/affiliations-et-licences-2024-25\/\" \/>\n<meta property=\"og:locale\" content=\"fr_FR\" \/>\n<meta property=\"og:type\" content=\"article\" \/>\n<meta property=\"og:title\" content=\"Affiliations et licences 2024 25 - FSGT 95\" \/>\n<meta property=\"og:description\" content=\"Affiliations et licences 2025\/26 Vous \u00eates une association domicili\u00e9e dans le Val d&rsquo;Oise ou un comit\u00e9 d&rsquo;entreprise et vous souhaitez lancer un projet d&rsquo;activit\u00e9 sportiveRejoignez-nous en contactantle Comit\u00e9 FSGT95 par&hellip;&nbsp;Lire la suite &raquo;Affiliations et licences 2024 25\" \/>\n<meta property=\"og:url\" content=\"https:\/\/fsgt95.fr\/index.php\/affiliations-et-licences-2024-25\/\" \/>\n<meta property=\"og:site_name\" content=\"FSGT 95\" \/>\n<meta property=\"article:modified_time\" content=\"2026-02-06T15:44:49+00:00\" \/>\n<meta property=\"og:image\" content=\"https:\/\/fsgt95.fr\/wp-content\/uploads\/2024\/08\/FSGT95-TARIFS-AFFILIATIONS-ET-LICENCES-24-251.jpg\" \/>\n\t<meta property=\"og:image:width\" content=\"561\" \/>\n\t<meta property=\"og:image:height\" content=\"796\" \/>\n\t<meta property=\"og:image:type\" content=\"image\/jpeg\" \/>\n<meta name=\"twitter:card\" content=\"summary_large_image\" \/>\n<meta name=\"twitter:label1\" content=\"Dur\u00e9e de lecture estim\u00e9e\" \/>\n\t<meta name=\"twitter:data1\" content=\"1 minute\" \/>\n<script type=\"application\/ld+json\" class=\"yoast-schema-graph\">{\"@context\":\"https:\/\/schema.org\",\"@graph\":[{\"@type\":\"WebPage\",\"@id\":\"https:\/\/fsgt95.fr\/index.php\/affiliations-et-licences-2024-25\/\",\"url\":\"https:\/\/fsgt95.fr\/index.php\/affiliations-et-licences-2024-25\/\",\"name\":\"Affiliations et licences 2024 25 - FSGT 95\",\"isPartOf\":{\"@id\":\"https:\/\/fsgt95.fr\/#website\"},\"primaryImageOfPage\":{\"@id\":\"https:\/\/fsgt95.fr\/index.php\/affiliations-et-licences-2024-25\/#primaryimage\"},\"image\":{\"@id\":\"https:\/\/fsgt95.fr\/index.php\/affiliations-et-licences-2024-25\/#primaryimage\"},\"thumbnailUrl\":\"https:\/\/fsgt95.fr\/wp-content\/uploads\/2024\/08\/FSGT95-TARIFS-AFFILIATIONS-ET-LICENCES-24-251.jpg\",\"datePublished\":\"2024-08-23T07:56:34+00:00\",\"dateModified\":\"2026-02-06T15:44:49+00:00\",\"breadcrumb\":{\"@id\":\"https:\/\/fsgt95.fr\/index.php\/affiliations-et-licences-2024-25\/#breadcrumb\"},\"inLanguage\":\"fr-FR\",\"potentialAction\":[{\"@type\":\"ReadAction\",\"target\":[\"https:\/\/fsgt95.fr\/index.php\/affiliations-et-licences-2024-25\/\"]}]},{\"@type\":\"ImageObject\",\"inLanguage\":\"fr-FR\",\"@id\":\"https:\/\/fsgt95.fr\/index.php\/affiliations-et-licences-2024-25\/#primaryimage\",\"url\":\"https:\/\/fsgt95.fr\/wp-content\/uploads\/2024\/08\/FSGT95-TARIFS-AFFILIATIONS-ET-LICENCES-24-251.jpg\",\"contentUrl\":\"https:\/\/fsgt95.fr\/wp-content\/uploads\/2024\/08\/FSGT95-TARIFS-AFFILIATIONS-ET-LICENCES-24-251.jpg\",\"width\":561,\"height\":796},{\"@type\":\"BreadcrumbList\",\"@id\":\"https:\/\/fsgt95.fr\/index.php\/affiliations-et-licences-2024-25\/#breadcrumb\",\"itemListElement\":[{\"@type\":\"ListItem\",\"position\":1,\"name\":\"Accueil\",\"item\":\"https:\/\/fsgt95.fr\/\"},{\"@type\":\"ListItem\",\"position\":2,\"name\":\"Affiliations et licences 2024 25\"}]},{\"@type\":\"WebSite\",\"@id\":\"https:\/\/fsgt95.fr\/#website\",\"url\":\"https:\/\/fsgt95.fr\/\",\"name\":\"FSGT 95\",\"description\":\"Comit\u00e9 d\u00e9partemental Val d&#039;Oise\",\"publisher\":{\"@id\":\"https:\/\/fsgt95.fr\/#organization\"},\"potentialAction\":[{\"@type\":\"SearchAction\",\"target\":{\"@type\":\"EntryPoint\",\"urlTemplate\":\"https:\/\/fsgt95.fr\/?s={search_term_string}\"},\"query-input\":{\"@type\":\"PropertyValueSpecification\",\"valueRequired\":true,\"valueName\":\"search_term_string\"}}],\"inLanguage\":\"fr-FR\"},{\"@type\":\"Organization\",\"@id\":\"https:\/\/fsgt95.fr\/#organization\",\"name\":\"fsgt95.fr\",\"alternateName\":\"Comit\u00e9 FSGT 95\",\"url\":\"https:\/\/fsgt95.fr\/\",\"logo\":{\"@type\":\"ImageObject\",\"inLanguage\":\"fr-FR\",\"@id\":\"https:\/\/fsgt95.fr\/#\/schema\/logo\/image\/\",\"url\":\"https:\/\/fsgt95.fr\/wp-content\/uploads\/2024\/04\/cropped-cropped-LogoFSGT95-png-1.png\",\"contentUrl\":\"https:\/\/fsgt95.fr\/wp-content\/uploads\/2024\/04\/cropped-cropped-LogoFSGT95-png-1.png\",\"width\":372,\"height\":360,\"caption\":\"fsgt95.fr\"},\"image\":{\"@id\":\"https:\/\/fsgt95.fr\/#\/schema\/logo\/image\/\"}}]}<\/script>\n<!-- \/ Yoast SEO plugin. -->","yoast_head_json":{"title":"Affiliations et licences 2024 25 - FSGT 95","robots":{"index":"index","follow":"follow","max-snippet":"max-snippet:-1","max-image-preview":"max-image-preview:large","max-video-preview":"max-video-preview:-1"},"canonical":"https:\/\/fsgt95.fr\/index.php\/affiliations-et-licences-2024-25\/","og_locale":"fr_FR","og_type":"article","og_title":"Affiliations et licences 2024 25 - FSGT 95","og_description":"Affiliations et licences 2025\/26 Vous \u00eates une association domicili\u00e9e dans le Val d&rsquo;Oise ou un comit\u00e9 d&rsquo;entreprise et vous souhaitez lancer un projet d&rsquo;activit\u00e9 sportiveRejoignez-nous en contactantle Comit\u00e9 FSGT95 par&hellip;&nbsp;Lire la suite &raquo;Affiliations et licences 2024 25","og_url":"https:\/\/fsgt95.fr\/index.php\/affiliations-et-licences-2024-25\/","og_site_name":"FSGT 95","article_modified_time":"2026-02-06T15:44:49+00:00","og_image":[{"width":561,"height":796,"url":"https:\/\/fsgt95.fr\/wp-content\/uploads\/2024\/08\/FSGT95-TARIFS-AFFILIATIONS-ET-LICENCES-24-251.jpg","type":"image\/jpeg"}],"twitter_card":"summary_large_image","twitter_misc":{"Dur\u00e9e de lecture estim\u00e9e":"1 minute"},"schema":{"@context":"https:\/\/schema.org","@graph":[{"@type":"WebPage","@id":"https:\/\/fsgt95.fr\/index.php\/affiliations-et-licences-2024-25\/","url":"https:\/\/fsgt95.fr\/index.php\/affiliations-et-licences-2024-25\/","name":"Affiliations et licences 2024 25 - FSGT 95","isPartOf":{"@id":"https:\/\/fsgt95.fr\/#website"},"primaryImageOfPage":{"@id":"https:\/\/fsgt95.fr\/index.php\/affiliations-et-licences-2024-25\/#primaryimage"},"image":{"@id":"https:\/\/fsgt95.fr\/index.php\/affiliations-et-licences-2024-25\/#primaryimage"},"thumbnailUrl":"https:\/\/fsgt95.fr\/wp-content\/uploads\/2024\/08\/FSGT95-TARIFS-AFFILIATIONS-ET-LICENCES-24-251.jpg","datePublished":"2024-08-23T07:56:34+00:00","dateModified":"2026-02-06T15:44:49+00:00","breadcrumb":{"@id":"https:\/\/fsgt95.fr\/index.php\/affiliations-et-licences-2024-25\/#breadcrumb"},"inLanguage":"fr-FR","potentialAction":[{"@type":"ReadAction","target":["https:\/\/fsgt95.fr\/index.php\/affiliations-et-licences-2024-25\/"]}]},{"@type":"ImageObject","inLanguage":"fr-FR","@id":"https:\/\/fsgt95.fr\/index.php\/affiliations-et-licences-2024-25\/#primaryimage","url":"https:\/\/fsgt95.fr\/wp-content\/uploads\/2024\/08\/FSGT95-TARIFS-AFFILIATIONS-ET-LICENCES-24-251.jpg","contentUrl":"https:\/\/fsgt95.fr\/wp-content\/uploads\/2024\/08\/FSGT95-TARIFS-AFFILIATIONS-ET-LICENCES-24-251.jpg","width":561,"height":796},{"@type":"BreadcrumbList","@id":"https:\/\/fsgt95.fr\/index.php\/affiliations-et-licences-2024-25\/#breadcrumb","itemListElement":[{"@type":"ListItem","position":1,"name":"Accueil","item":"https:\/\/fsgt95.fr\/"},{"@type":"ListItem","position":2,"name":"Affiliations et licences 2024 25"}]},{"@type":"WebSite","@id":"https:\/\/fsgt95.fr\/#website","url":"https:\/\/fsgt95.fr\/","name":"FSGT 95","description":"Comit\u00e9 d\u00e9partemental Val d&#039;Oise","publisher":{"@id":"https:\/\/fsgt95.fr\/#organization"},"potentialAction":[{"@type":"SearchAction","target":{"@type":"EntryPoint","urlTemplate":"https:\/\/fsgt95.fr\/?s={search_term_string}"},"query-input":{"@type":"PropertyValueSpecification","valueRequired":true,"valueName":"search_term_string"}}],"inLanguage":"fr-FR"},{"@type":"Organization","@id":"https:\/\/fsgt95.fr\/#organization","name":"fsgt95.fr","alternateName":"Comit\u00e9 FSGT 95","url":"https:\/\/fsgt95.fr\/","logo":{"@type":"ImageObject","inLanguage":"fr-FR","@id":"https:\/\/fsgt95.fr\/#\/schema\/logo\/image\/","url":"https:\/\/fsgt95.fr\/wp-content\/uploads\/2024\/04\/cropped-cropped-LogoFSGT95-png-1.png","contentUrl":"https:\/\/fsgt95.fr\/wp-content\/uploads\/2024\/04\/cropped-cropped-LogoFSGT95-png-1.png","width":372,"height":360,"caption":"fsgt95.fr"},"image":{"@id":"https:\/\/fsgt95.fr\/#\/schema\/logo\/image\/"}}]}},"uagb_featured_image_src":{"full":false,"thumbnail":false,"medium":false,"medium_large":false,"large":false,"1536x1536":false,"2048x2048":false,"depicter-thumbnail":false,"neve-blog":false},"uagb_author_info":{"display_name":"adminfsgt95","author_link":"https:\/\/fsgt95.fr\/index.php\/author\/adminfsgt95\/"},"uagb_comment_info":0,"uagb_excerpt":"Affiliations et licences 2025\/26 Vous \u00eates une association domicili\u00e9e dans le Val d&rsquo;Oise ou un comit\u00e9 d&rsquo;entreprise et vous souhaitez lancer un projet d&rsquo;activit\u00e9 sportiveRejoignez-nous en contactantle Comit\u00e9 FSGT95 par&hellip;&nbsp;Lire la suite &raquo;Affiliations et licences 2024 25","_links":{"self":[{"href":"https:\/\/fsgt95.fr\/index.php\/wp-json\/wp\/v2\/pages\/324","targetHints":{"allow":["GET"]}}],"collection":[{"href":"https:\/\/fsgt95.fr\/index.php\/wp-json\/wp\/v2\/pages"}],"about":[{"href":"https:\/\/fsgt95.fr\/index.php\/wp-json\/wp\/v2\/types\/page"}],"author":[{"embeddable":true,"href":"https:\/\/fsgt95.fr\/index.php\/wp-json\/wp\/v2\/users\/1"}],"replies":[{"embeddable":true,"href":"https:\/\/fsgt95.fr\/index.php\/wp-json\/wp\/v2\/comments?post=324"}],"version-history":[{"count":56,"href":"https:\/\/fsgt95.fr\/index.php\/wp-json\/wp\/v2\/pages\/324\/revisions"}],"predecessor-version":[{"id":702,"href":"https:\/\/fsgt95.fr\/index.php\/wp-json\/wp\/v2\/pages\/324\/revisions\/702"}],"wp:attachment":[{"href":"https:\/\/fsgt95.fr\/index.php\/wp-json\/wp\/v2\/media?parent=324"}],"curies":[{"name":"wp","href":"https:\/\/api.w.org\/{rel}","templated":true}]}}