{"id":2,"date":"2024-04-22T14:13:33","date_gmt":"2024-04-22T12:13:33","guid":{"rendered":"http:\/\/fsgt95.fr\/?page_id=2"},"modified":"2026-02-11T18:12:06","modified_gmt":"2026-02-11T17:12:06","slug":"page-d-exemple","status":"publish","type":"page","link":"https:\/\/fsgt95.fr\/index.php\/page-d-exemple\/","title":{"rendered":"CONNAITRE LA FSGT DU VAL D&rsquo;OISE"},"content":{"rendered":"\t\t<div data-elementor-type=\"wp-page\" data-elementor-id=\"2\" class=\"elementor elementor-2\">\n\t\t\t\t<div class=\"elementor-element elementor-element-46d559c e-flex e-con-boxed e-con e-parent\" data-id=\"46d559c\" data-element_type=\"container\" data-e-type=\"container\">\n\t\t\t\t\t<div class=\"e-con-inner\">\n\t\t\t\t<div class=\"elementor-element elementor-element-ad45f98 elementor-widget__width-initial elementor-widget elementor-widget-image\" data-id=\"ad45f98\" data-element_type=\"widget\" data-e-type=\"widget\" data-widget_type=\"image.default\">\n\t\t\t\t<div class=\"elementor-widget-container\">\n\t\t\t\t\t\t\t\t\t\t\t\t\t\t\t<img fetchpriority=\"high\" decoding=\"async\" width=\"372\" height=\"360\" src=\"https:\/\/fsgt95.fr\/wp-content\/uploads\/2024\/04\/cropped-cropped-cropped-LogoFSGT95-png-1.png\" class=\"elementor-animation-rotate attachment-large size-large wp-image-127\" alt=\"\" srcset=\"https:\/\/fsgt95.fr\/wp-content\/uploads\/2024\/04\/cropped-cropped-cropped-LogoFSGT95-png-1.png 372w, https:\/\/fsgt95.fr\/wp-content\/uploads\/2024\/04\/cropped-cropped-cropped-LogoFSGT95-png-1-300x290.png 300w\" sizes=\"(max-width: 372px) 100vw, 372px\" \/>\t\t\t\t\t\t\t\t\t\t\t\t\t\t\t<\/div>\n\t\t\t\t<\/div>\n\t\t\t\t\t<\/div>\n\t\t\t\t<\/div>\n\t\t<div class=\"elementor-element elementor-element-4b07aea e-flex e-con-boxed e-con e-parent\" data-id=\"4b07aea\" data-element_type=\"container\" data-e-type=\"container\" data-settings=\"{&quot;animation&quot;:&quot;none&quot;}\">\n\t\t\t\t\t<div class=\"e-con-inner\">\n\t\t\t\t<div class=\"elementor-element elementor-element-34b7406 elementor-widget elementor-widget-text-editor\" data-id=\"34b7406\" data-element_type=\"widget\" data-e-type=\"widget\" data-settings=\"{&quot;_animation&quot;:&quot;none&quot;}\" data-widget_type=\"text-editor.default\">\n\t\t\t\t<div class=\"elementor-widget-container\">\n\t\t\t\t\t\t\t\t\t<p>La FSGT du Val d\u2019Oise est une association r\u00e9gie par la loi 1901, elle est l\u2019une des composantes de la F\u00e9d\u00e9ration Sportive et Gymnique du Travail (FSGT). De ce fait, le Comit\u00e9 FSGT du Val d\u2019Oise est agr\u00e9\u00e9 par le minist\u00e8re de la Sant\u00e9 et des Sports. Il poss\u00e8de le double agr\u00e9ment : \u00ab Jeunesse et Sport \u00bb et \u00ab Jeunesse Education Populaire \u00bb.<\/p><p>La FSGT du Val d\u2019Oise est bas\u00e9e \u00e0 Argenteuil \u00e0 l\u2019espace Nelson Mandela,\u00a0 82 boulevard du G\u00e9n\u00e9ral Leclerc. Association Omnisports, elle propose une palette d\u2019activit\u00e9s avec la possibilit\u00e9 d\u2019offrir \u00e0 ses pratiquants leurs sports pr\u00e9f\u00e9r\u00e9s et ainsi de r\u00e9aliser s\u2019ils le souhaitent, leurs meilleures performances.<\/p><p>Gr\u00e2ce \u00e0 la licence omnisports unique, l\u2019adh\u00e9sion dans un club permet de d\u00e9couvrir toutes les pratiques sportives, de g\u00e9rer sa sant\u00e9, d\u2019\u00eatre autonome et d\u2019agir en responsable. La participation \u00e0 la vie associative contribue \u00e0 l\u2019int\u00e9r\u00eat g\u00e9n\u00e9ral et permet le partage des savoirs au b\u00e9n\u00e9fice du plus grand nombre.<\/p>\t\t\t\t\t\t\t\t<\/div>\n\t\t\t\t<\/div>\n\t\t\t\t\t<\/div>\n\t\t\t\t<\/div>\n\t\t\t\t<\/div>\n\t\t","protected":false},"excerpt":{"rendered":"<p>La FSGT du Val d\u2019Oise est une association r\u00e9gie par la loi 1901, elle est l\u2019une des composantes de la F\u00e9d\u00e9ration Sportive et Gymnique du Travail (FSGT). De ce fait,&hellip;&nbsp;<a href=\"https:\/\/fsgt95.fr\/index.php\/page-d-exemple\/\" class=\"\" rel=\"bookmark\">Lire la suite &raquo;<span class=\"screen-reader-text\">CONNAITRE LA FSGT DU VAL D&rsquo;OISE<\/span><\/a><\/p>\n","protected":false},"author":1,"featured_media":0,"parent":0,"menu_order":0,"comment_status":"closed","ping_status":"closed","template":"","meta":{"om_disable_all_campaigns":false,"_uag_custom_page_level_css":"","neve_meta_sidebar":"","neve_meta_container":"","neve_meta_enable_content_width":"","neve_meta_content_width":0,"neve_meta_title_alignment":"","neve_meta_author_avatar":"","neve_post_elements_order":"","neve_meta_disable_header":"","neve_meta_disable_footer":"","neve_meta_disable_title":"","footnotes":""},"class_list":["post-2","page","type-page","status-publish","hentry"],"yoast_head":"<!-- This site is optimized with the Yoast SEO plugin v26.9 - https:\/\/yoast.com\/product\/yoast-seo-wordpress\/ -->\n<title>CONNAITRE LA FSGT DU VAL D&#039;OISE - FSGT 95<\/title>\n<meta name=\"robots\" content=\"index, follow, max-snippet:-1, max-image-preview:large, max-video-preview:-1\" \/>\n<link rel=\"canonical\" href=\"https:\/\/fsgt95.fr\/index.php\/page-d-exemple\/\" \/>\n<meta property=\"og:locale\" content=\"fr_FR\" \/>\n<meta property=\"og:type\" content=\"article\" \/>\n<meta property=\"og:title\" content=\"CONNAITRE LA FSGT DU VAL D&#039;OISE - FSGT 95\" \/>\n<meta property=\"og:description\" content=\"La FSGT du Val d\u2019Oise est une association r\u00e9gie par la loi 1901, elle est l\u2019une des composantes de la F\u00e9d\u00e9ration Sportive et Gymnique du Travail (FSGT). De ce fait,&hellip;&nbsp;Lire la suite &raquo;CONNAITRE LA FSGT DU VAL D&rsquo;OISE\" \/>\n<meta property=\"og:url\" content=\"https:\/\/fsgt95.fr\/index.php\/page-d-exemple\/\" \/>\n<meta property=\"og:site_name\" content=\"FSGT 95\" \/>\n<meta property=\"article:modified_time\" content=\"2026-02-11T17:12:06+00:00\" \/>\n<meta property=\"og:image\" content=\"https:\/\/fsgt95.fr\/wp-content\/uploads\/2024\/04\/cropped-cropped-cropped-LogoFSGT95-png-1.png\" \/>\n\t<meta property=\"og:image:width\" content=\"372\" \/>\n\t<meta property=\"og:image:height\" content=\"360\" \/>\n\t<meta property=\"og:image:type\" content=\"image\/png\" \/>\n<meta name=\"twitter:card\" content=\"summary_large_image\" \/>\n<meta name=\"twitter:label1\" content=\"Dur\u00e9e de lecture estim\u00e9e\" \/>\n\t<meta name=\"twitter:data1\" content=\"1 minute\" \/>\n<script type=\"application\/ld+json\" class=\"yoast-schema-graph\">{\"@context\":\"https:\/\/schema.org\",\"@graph\":[{\"@type\":\"WebPage\",\"@id\":\"https:\/\/fsgt95.fr\/index.php\/page-d-exemple\/\",\"url\":\"https:\/\/fsgt95.fr\/index.php\/page-d-exemple\/\",\"name\":\"CONNAITRE LA FSGT DU VAL D'OISE - FSGT 95\",\"isPartOf\":{\"@id\":\"https:\/\/fsgt95.fr\/#website\"},\"primaryImageOfPage\":{\"@id\":\"https:\/\/fsgt95.fr\/index.php\/page-d-exemple\/#primaryimage\"},\"image\":{\"@id\":\"https:\/\/fsgt95.fr\/index.php\/page-d-exemple\/#primaryimage\"},\"thumbnailUrl\":\"https:\/\/fsgt95.fr\/wp-content\/uploads\/2024\/04\/cropped-cropped-cropped-LogoFSGT95-png-1.png\",\"datePublished\":\"2024-04-22T12:13:33+00:00\",\"dateModified\":\"2026-02-11T17:12:06+00:00\",\"breadcrumb\":{\"@id\":\"https:\/\/fsgt95.fr\/index.php\/page-d-exemple\/#breadcrumb\"},\"inLanguage\":\"fr-FR\",\"potentialAction\":[{\"@type\":\"ReadAction\",\"target\":[\"https:\/\/fsgt95.fr\/index.php\/page-d-exemple\/\"]}]},{\"@type\":\"ImageObject\",\"inLanguage\":\"fr-FR\",\"@id\":\"https:\/\/fsgt95.fr\/index.php\/page-d-exemple\/#primaryimage\",\"url\":\"https:\/\/fsgt95.fr\/wp-content\/uploads\/2024\/04\/cropped-cropped-cropped-LogoFSGT95-png-1.png\",\"contentUrl\":\"https:\/\/fsgt95.fr\/wp-content\/uploads\/2024\/04\/cropped-cropped-cropped-LogoFSGT95-png-1.png\",\"width\":372,\"height\":360},{\"@type\":\"BreadcrumbList\",\"@id\":\"https:\/\/fsgt95.fr\/index.php\/page-d-exemple\/#breadcrumb\",\"itemListElement\":[{\"@type\":\"ListItem\",\"position\":1,\"name\":\"Accueil\",\"item\":\"https:\/\/fsgt95.fr\/\"},{\"@type\":\"ListItem\",\"position\":2,\"name\":\"CONNAITRE LA FSGT DU VAL D&rsquo;OISE\"}]},{\"@type\":\"WebSite\",\"@id\":\"https:\/\/fsgt95.fr\/#website\",\"url\":\"https:\/\/fsgt95.fr\/\",\"name\":\"FSGT 95\",\"description\":\"Comit\u00e9 d\u00e9partemental Val d&#039;Oise\",\"publisher\":{\"@id\":\"https:\/\/fsgt95.fr\/#organization\"},\"potentialAction\":[{\"@type\":\"SearchAction\",\"target\":{\"@type\":\"EntryPoint\",\"urlTemplate\":\"https:\/\/fsgt95.fr\/?s={search_term_string}\"},\"query-input\":{\"@type\":\"PropertyValueSpecification\",\"valueRequired\":true,\"valueName\":\"search_term_string\"}}],\"inLanguage\":\"fr-FR\"},{\"@type\":\"Organization\",\"@id\":\"https:\/\/fsgt95.fr\/#organization\",\"name\":\"fsgt95.fr\",\"alternateName\":\"Comit\u00e9 FSGT 95\",\"url\":\"https:\/\/fsgt95.fr\/\",\"logo\":{\"@type\":\"ImageObject\",\"inLanguage\":\"fr-FR\",\"@id\":\"https:\/\/fsgt95.fr\/#\/schema\/logo\/image\/\",\"url\":\"https:\/\/fsgt95.fr\/wp-content\/uploads\/2024\/04\/cropped-cropped-LogoFSGT95-png-1.png\",\"contentUrl\":\"https:\/\/fsgt95.fr\/wp-content\/uploads\/2024\/04\/cropped-cropped-LogoFSGT95-png-1.png\",\"width\":372,\"height\":360,\"caption\":\"fsgt95.fr\"},\"image\":{\"@id\":\"https:\/\/fsgt95.fr\/#\/schema\/logo\/image\/\"}}]}<\/script>\n<!-- \/ Yoast SEO plugin. -->","yoast_head_json":{"title":"CONNAITRE LA FSGT DU VAL D'OISE - FSGT 95","robots":{"index":"index","follow":"follow","max-snippet":"max-snippet:-1","max-image-preview":"max-image-preview:large","max-video-preview":"max-video-preview:-1"},"canonical":"https:\/\/fsgt95.fr\/index.php\/page-d-exemple\/","og_locale":"fr_FR","og_type":"article","og_title":"CONNAITRE LA FSGT DU VAL D'OISE - FSGT 95","og_description":"La FSGT du Val d\u2019Oise est une association r\u00e9gie par la loi 1901, elle est l\u2019une des composantes de la F\u00e9d\u00e9ration Sportive et Gymnique du Travail (FSGT). De ce fait,&hellip;&nbsp;Lire la suite &raquo;CONNAITRE LA FSGT DU VAL D&rsquo;OISE","og_url":"https:\/\/fsgt95.fr\/index.php\/page-d-exemple\/","og_site_name":"FSGT 95","article_modified_time":"2026-02-11T17:12:06+00:00","og_image":[{"width":372,"height":360,"url":"https:\/\/fsgt95.fr\/wp-content\/uploads\/2024\/04\/cropped-cropped-cropped-LogoFSGT95-png-1.png","type":"image\/png"}],"twitter_card":"summary_large_image","twitter_misc":{"Dur\u00e9e de lecture estim\u00e9e":"1 minute"},"schema":{"@context":"https:\/\/schema.org","@graph":[{"@type":"WebPage","@id":"https:\/\/fsgt95.fr\/index.php\/page-d-exemple\/","url":"https:\/\/fsgt95.fr\/index.php\/page-d-exemple\/","name":"CONNAITRE LA FSGT DU VAL D'OISE - FSGT 95","isPartOf":{"@id":"https:\/\/fsgt95.fr\/#website"},"primaryImageOfPage":{"@id":"https:\/\/fsgt95.fr\/index.php\/page-d-exemple\/#primaryimage"},"image":{"@id":"https:\/\/fsgt95.fr\/index.php\/page-d-exemple\/#primaryimage"},"thumbnailUrl":"https:\/\/fsgt95.fr\/wp-content\/uploads\/2024\/04\/cropped-cropped-cropped-LogoFSGT95-png-1.png","datePublished":"2024-04-22T12:13:33+00:00","dateModified":"2026-02-11T17:12:06+00:00","breadcrumb":{"@id":"https:\/\/fsgt95.fr\/index.php\/page-d-exemple\/#breadcrumb"},"inLanguage":"fr-FR","potentialAction":[{"@type":"ReadAction","target":["https:\/\/fsgt95.fr\/index.php\/page-d-exemple\/"]}]},{"@type":"ImageObject","inLanguage":"fr-FR","@id":"https:\/\/fsgt95.fr\/index.php\/page-d-exemple\/#primaryimage","url":"https:\/\/fsgt95.fr\/wp-content\/uploads\/2024\/04\/cropped-cropped-cropped-LogoFSGT95-png-1.png","contentUrl":"https:\/\/fsgt95.fr\/wp-content\/uploads\/2024\/04\/cropped-cropped-cropped-LogoFSGT95-png-1.png","width":372,"height":360},{"@type":"BreadcrumbList","@id":"https:\/\/fsgt95.fr\/index.php\/page-d-exemple\/#breadcrumb","itemListElement":[{"@type":"ListItem","position":1,"name":"Accueil","item":"https:\/\/fsgt95.fr\/"},{"@type":"ListItem","position":2,"name":"CONNAITRE LA FSGT DU VAL D&rsquo;OISE"}]},{"@type":"WebSite","@id":"https:\/\/fsgt95.fr\/#website","url":"https:\/\/fsgt95.fr\/","name":"FSGT 95","description":"Comit\u00e9 d\u00e9partemental Val d&#039;Oise","publisher":{"@id":"https:\/\/fsgt95.fr\/#organization"},"potentialAction":[{"@type":"SearchAction","target":{"@type":"EntryPoint","urlTemplate":"https:\/\/fsgt95.fr\/?s={search_term_string}"},"query-input":{"@type":"PropertyValueSpecification","valueRequired":true,"valueName":"search_term_string"}}],"inLanguage":"fr-FR"},{"@type":"Organization","@id":"https:\/\/fsgt95.fr\/#organization","name":"fsgt95.fr","alternateName":"Comit\u00e9 FSGT 95","url":"https:\/\/fsgt95.fr\/","logo":{"@type":"ImageObject","inLanguage":"fr-FR","@id":"https:\/\/fsgt95.fr\/#\/schema\/logo\/image\/","url":"https:\/\/fsgt95.fr\/wp-content\/uploads\/2024\/04\/cropped-cropped-LogoFSGT95-png-1.png","contentUrl":"https:\/\/fsgt95.fr\/wp-content\/uploads\/2024\/04\/cropped-cropped-LogoFSGT95-png-1.png","width":372,"height":360,"caption":"fsgt95.fr"},"image":{"@id":"https:\/\/fsgt95.fr\/#\/schema\/logo\/image\/"}}]}},"uagb_featured_image_src":{"full":false,"thumbnail":false,"medium":false,"medium_large":false,"large":false,"1536x1536":false,"2048x2048":false,"depicter-thumbnail":false,"neve-blog":false},"uagb_author_info":{"display_name":"adminfsgt95","author_link":"https:\/\/fsgt95.fr\/index.php\/author\/adminfsgt95\/"},"uagb_comment_info":0,"uagb_excerpt":"La FSGT du Val d\u2019Oise est une association r\u00e9gie par la loi 1901, elle est l\u2019une des composantes de la F\u00e9d\u00e9ration Sportive et Gymnique du Travail (FSGT). De ce fait,&hellip;&nbsp;Lire la suite &raquo;CONNAITRE LA FSGT DU VAL D&rsquo;OISE","_links":{"self":[{"href":"https:\/\/fsgt95.fr\/index.php\/wp-json\/wp\/v2\/pages\/2","targetHints":{"allow":["GET"]}}],"collection":[{"href":"https:\/\/fsgt95.fr\/index.php\/wp-json\/wp\/v2\/pages"}],"about":[{"href":"https:\/\/fsgt95.fr\/index.php\/wp-json\/wp\/v2\/types\/page"}],"author":[{"embeddable":true,"href":"https:\/\/fsgt95.fr\/index.php\/wp-json\/wp\/v2\/users\/1"}],"replies":[{"embeddable":true,"href":"https:\/\/fsgt95.fr\/index.php\/wp-json\/wp\/v2\/comments?post=2"}],"version-history":[{"count":42,"href":"https:\/\/fsgt95.fr\/index.php\/wp-json\/wp\/v2\/pages\/2\/revisions"}],"predecessor-version":[{"id":757,"href":"https:\/\/fsgt95.fr\/index.php\/wp-json\/wp\/v2\/pages\/2\/revisions\/757"}],"wp:attachment":[{"href":"https:\/\/fsgt95.fr\/index.php\/wp-json\/wp\/v2\/media?parent=2"}],"curies":[{"name":"wp","href":"https:\/\/api.w.org\/{rel}","templated":true}]}}